{"id":2,"date":"2022-12-19T19:42:16","date_gmt":"2022-12-19T19:42:16","guid":{"rendered":"http:\/\/lsempresarial.com\/?page_id=2"},"modified":"2026-05-08T10:46:52","modified_gmt":"2026-05-08T13:46:52","slug":"sample-page","status":"publish","type":"page","link":"https:\/\/lsempresarial.com\/index.php\/sample-page\/","title":{"rendered":"Sobre LS Empresarial"},"content":{"rendered":"\n<p>Contabilidade e jur\u00eddico atuando juntos para proteger decis\u00f5es, reduzir riscos e dar seguran\u00e7a real ao empres\u00e1rio.<\/p>\n\n\n\n<p><\/p>\n\n\n\n<p>Aqui o empres\u00e1rio n\u00e3o fica sozinho.<\/p>\n\n\n\n<p><\/p>\n\n\n\n<p>Unimos contabilidade e jur\u00eddico para antecipar problemas, evitar preju\u00edzos e orientar decis\u00f5es estrat\u00e9gicas no dia a dia da empresa.<\/p>\n\n\n\n<p><\/p>\n","protected":false},"excerpt":{"rendered":"<p>Contabilidade e jur\u00eddico atuando juntos para proteger decis\u00f5es, reduzir riscos e dar seguran\u00e7a real ao empres\u00e1rio. Aqui o empres\u00e1rio n\u00e3o fica sozinho. Unimos contabilidade e jur\u00eddico para antecipar problemas, evitar preju\u00edzos e orientar decis\u00f5es estrat\u00e9gicas no dia a dia da empresa.<\/p>\n","protected":false},"author":1,"featured_media":0,"parent":0,"menu_order":0,"comment_status":"closed","ping_status":"open","template":"","meta":[],"_links":{"self":[{"href":"https:\/\/lsempresarial.com\/index.php\/wp-json\/wp\/v2\/pages\/2"}],"collection":[{"href":"https:\/\/lsempresarial.com\/index.php\/wp-json\/wp\/v2\/pages"}],"about":[{"href":"https:\/\/lsempresarial.com\/index.php\/wp-json\/wp\/v2\/types\/page"}],"author":[{"embeddable":true,"href":"https:\/\/lsempresarial.com\/index.php\/wp-json\/wp\/v2\/users\/1"}],"replies":[{"embeddable":true,"href":"https:\/\/lsempresarial.com\/index.php\/wp-json\/wp\/v2\/comments?post=2"}],"version-history":[{"count":1,"href":"https:\/\/lsempresarial.com\/index.php\/wp-json\/wp\/v2\/pages\/2\/revisions"}],"predecessor-version":[{"id":14,"href":"https:\/\/lsempresarial.com\/index.php\/wp-json\/wp\/v2\/pages\/2\/revisions\/14"}],"wp:attachment":[{"href":"https:\/\/lsempresarial.com\/index.php\/wp-json\/wp\/v2\/media?parent=2"}],"curies":[{"name":"wp","href":"https:\/\/api.w.org\/{rel}","templated":true}]}}